{"id":38,"date":"2025-04-11T04:16:31","date_gmt":"2025-04-11T04:16:31","guid":{"rendered":"https:\/\/alther.ind.br\/catalogo\/?page_id=38"},"modified":"2026-02-27T17:30:22","modified_gmt":"2026-02-27T17:30:22","slug":"produtos","status":"publish","type":"page","link":"https:\/\/alther.ind.br\/catalogo\/produtos\/","title":{"rendered":"Produtos"},"content":{"rendered":"\t\t<div data-elementor-type=\"wp-page\" data-elementor-id=\"38\" class=\"elementor elementor-38\" data-elementor-post-type=\"page\">\n\t\t\t\t<div class=\"elementor-element elementor-element-5a156c0 e-flex e-con-boxed e-con e-parent\" data-id=\"5a156c0\" data-element_type=\"container\" data-e-type=\"container\">\n\t\t\t\t\t<div class=\"e-con-inner\">\n\t\t\t\t<div class=\"elementor-element elementor-element-ef9e097 elementor-widget elementor-widget-image\" data-id=\"ef9e097\" data-element_type=\"widget\" data-e-type=\"widget\" data-widget_type=\"image.default\">\n\t\t\t\t<div class=\"elementor-widget-container\">\n\t\t\t\t\t\t\t\t\t\t\t\t\t\t\t<img fetchpriority=\"high\" decoding=\"async\" width=\"600\" height=\"600\" src=\"https:\/\/alther.ind.br\/catalogo\/wp-content\/uploads\/2025\/04\/imagem-sem-fundo.png\" class=\"attachment-large size-large wp-image-75\" alt=\"\" srcset=\"https:\/\/alther.ind.br\/catalogo\/wp-content\/uploads\/2025\/04\/imagem-sem-fundo.png 600w, https:\/\/alther.ind.br\/catalogo\/wp-content\/uploads\/2025\/04\/imagem-sem-fundo-300x300.png 300w, https:\/\/alther.ind.br\/catalogo\/wp-content\/uploads\/2025\/04\/imagem-sem-fundo-150x150.png 150w\" sizes=\"(max-width: 600px) 100vw, 600px\" \/>\t\t\t\t\t\t\t\t\t\t\t\t\t\t\t<\/div>\n\t\t\t\t<\/div>\n\t\t\t\t\t<\/div>\n\t\t\t\t<\/div>\n\t\t<div class=\"elementor-element elementor-element-4e4e58c e-con-full e-flex e-con e-parent\" data-id=\"4e4e58c\" data-element_type=\"container\" data-e-type=\"container\">\n\t\t\t\t<div class=\"elementor-element elementor-element-cacf220 elementor-widget__width-inherit elementor-widget elementor-widget-shortcode\" data-id=\"cacf220\" data-element_type=\"widget\" data-e-type=\"widget\" data-widget_type=\"shortcode.default\">\n\t\t\t\t<div class=\"elementor-widget-container\">\n\t\t\t\t\t\t\t<div class=\"elementor-shortcode\"><div class=\"_3d-flip-book  fb3d-fullscreen-mode full-size\" data-id=\"226\" data-mode=\"fullscreen\" data-title=\"false\" data-template=\"short-white-book-view\" data-lightbox=\"dark-shadow\" data-urlparam=\"fb3d-page\" data-page-n=\"0\" data-pdf=\"\" data-tax=\"null\" data-thumbnail=\"\" data-cols=\"3\" data-book-template=\"default\" data-trigger=\"\"><\/div><script type=\"text\/javascript\">window.FB3D_CLIENT_DATA = window.FB3D_CLIENT_DATA || [];FB3D_CLIENT_DATA.push('eyJwb3N0cyI6eyIyMjYiOnsiSUQiOjIyNiwidGl0bGUiOiJDYXRhbG9nbyBBbHRoZXIiLCJ0eXBlIjoicGRmIiwicmVhZHlfZnVuY3Rpb24iOiIiLCJib29rX3N0eWxlIjoiZmxhdCIsImJvb2tfdGVtcGxhdGUiOiJub25lIiwib3V0bGluZSI6W10sImRhdGEiOnsicG9zdF9JRCI6IjIyNyIsImd1aWQiOiJodHRwczpcL1wvYWx0aGVyLmluZC5iclwvY2F0YWxvZ29cL3dwLWNvbnRlbnRcL3VwbG9hZHNcLzIwMjZcLzAyXC9DYXRhbG9nby1BbHRoZXItQXR1LmZldmVyZWlybzI2X2F0dWFsaXphZG8ucGRmIiwicGRmX3BhZ2VzIjoiNTAiLCJwYWdlc19jdXN0b21pemF0aW9uIjoibm9uZSJ9LCJ0aHVtYm5haWwiOnsiZGF0YSI6eyJwb3N0X0lEIjoiMCJ9LCJ0eXBlIjoiYXV0byJ9LCJwcm9wcyI6eyJiYWNrZ3JvdW5kQ29sb3IiOiJhdXRvIiwiYmFja2dyb3VuZEltYWdlIjoiYXV0byIsImJhY2tncm91bmRTdHlsZSI6ImF1dG8iLCJoaWdobGlnaHRMaW5rcyI6ImF1dG8iLCJsaWdodGluZyI6ImF1dG8iLCJzaW5nbGVQYWdlTW9kZSI6ImF1dG8iLCJjYWNoZWRQYWdlcyI6ImF1dG8iLCJyZW5kZXJJbmFjdGl2ZVBhZ2VzIjoiYXV0byIsInJlbmRlckluYWN0aXZlUGFnZXNPbk1vYmlsZSI6ImF1dG8iLCJyZW5kZXJXaGlsZUZsaXBwaW5nIjoiYXV0byIsInByZWxvYWRQYWdlcyI6ImF1dG8iLCJhdXRvUGxheUR1cmF0aW9uIjoiYXV0byIsInJ0bCI6ImF1dG8iLCJpbnRlcmFjdGl2ZUNvcm5lcnMiOiJhdXRvIiwibWF4RGVwdGgiOiJhdXRvIiwic2hlZXQiOnsic3RhcnRWZWxvY2l0eSI6ImF1dG8iLCJ3YXZlIjoiYXV0byIsInNoYXBlIjoiYXV0byIsIndpZHRoVGV4ZWxzIjoiYXV0byIsImNvbG9yIjoiYXV0byIsInNpZGUiOiJhdXRvIiwic3RyZXRjaEltYWdlcyI6ImF1dG8iLCJjb3JuZXJEZXZpYXRpb24iOiJhdXRvIiwiZmxleGliaWxpdHkiOiJhdXRvIiwiZmxleGlibGVDb3JuZXIiOiJhdXRvIiwiYmVuZGluZyI6ImF1dG8iLCJoZWlnaHRUZXhlbHMiOiJhdXRvIn0sImNvdmVyIjp7IndhdmUiOiJhdXRvIiwiY29sb3IiOiJhdXRvIiwic2lkZSI6ImF1dG8iLCJzdHJldGNoSW1hZ2VzIjoiYXV0byIsImJpbmRlclRleHR1cmUiOiJhdXRvIiwiZGVwdGgiOiJhdXRvIiwicGFkZGluZyI6ImF1dG8iLCJzdGFydFZlbG9jaXR5IjoiYXV0byIsImZsZXhpYmlsaXR5IjoiYXV0byIsImZsZXhpYmxlQ29ybmVyIjoiYXV0byIsImJlbmRpbmciOiJhdXRvIiwid2lkdGhUZXhlbHMiOiJhdXRvIiwiaGVpZ2h0VGV4ZWxzIjoiYXV0byIsIm1hc3MiOiJhdXRvIiwic2hhcGUiOiJhdXRvIn0sInBhZ2UiOnsid2F2ZSI6ImF1dG8iLCJjb2xvciI6ImF1dG8iLCJzaWRlIjoiYXV0byIsInN0cmV0Y2hJbWFnZXMiOiJhdXRvIiwiZGVwdGgiOiJhdXRvIiwic3RhcnRWZWxvY2l0eSI6ImF1dG8iLCJmbGV4aWJpbGl0eSI6ImF1dG8iLCJmbGV4aWJsZUNvcm5lciI6ImF1dG8iLCJiZW5kaW5nIjoiYXV0byIsIndpZHRoVGV4ZWxzIjoiYXV0byIsImhlaWdodFRleGVscyI6ImF1dG8iLCJtYXNzIjoiYXV0byIsInNoYXBlIjoiYXV0byJ9LCJoZWlnaHQiOiJhdXRvIiwid2lkdGgiOiJhdXRvIiwiZ3Jhdml0eSI6ImF1dG8iLCJwYWdlc0ZvclByZWRpY3RpbmciOiJhdXRvIn0sImNvbnRyb2xQcm9wcyI6eyJhY3Rpb25zIjp7ImNtZFRvYyI6eyJlbmFibGVkIjoiYXV0byIsImVuYWJsZWRJbk5hcnJvdyI6ImF1dG8iLCJhY3RpdmUiOiJhdXRvIiwiZGVmYXVsdFRhYiI6ImF1dG8ifSwiY21kQXV0b1BsYXkiOnsiZW5hYmxlZCI6ImF1dG8iLCJlbmFibGVkSW5OYXJyb3ciOiJhdXRvIiwiYWN0aXZlIjoiYXV0byJ9LCJjbWRTYXZlIjp7ImVuYWJsZWQiOiJhdXRvIiwiZW5hYmxlZEluTmFycm93IjoiYXV0byJ9LCJjbWRQcmludCI6eyJlbmFibGVkIjoiYXV0byIsImVuYWJsZWRJbk5hcnJvdyI6ImF1dG8ifSwiY21kU2luZ2xlUGFnZSI6eyJlbmFibGVkIjoiYXV0byIsImVuYWJsZWRJbk5hcnJvdyI6ImF1dG8iLCJhY3RpdmUiOiJhdXRvIiwiYWN0aXZlRm9yTW9iaWxlIjoiYXV0byJ9LCJ3aWRUb29sYmFyIjp7ImVuYWJsZWQiOiJhdXRvIiwiZW5hYmxlZEluTmFycm93IjoiYXV0byJ9fX0sImF1dG9UaHVtYm5haWwiOiJodHRwczpcL1wvYWx0aGVyLmluZC5iclwvY2F0YWxvZ29cL3dwLWNvbnRlbnRcL3VwbG9hZHNcLzNkLWZsaXAtYm9va1wvYXV0by10aHVtYm5haWxzXC8yMjYucG5nIiwicG9zdF9uYW1lIjoiY2F0YWxvZ28tYWx0aGVyIiwicG9zdF90eXBlIjoiM2QtZmxpcC1ib29rIn19LCJwYWdlcyI6W10sImZpcnN0UGFnZXMiOltdfQ==');window.FB3D_CLIENT_LOCALE && FB3D_CLIENT_LOCALE.render && FB3D_CLIENT_LOCALE.render();<\/script><\/div>\n\t\t\t\t\t\t<\/div>\n\t\t\t\t<\/div>\n\t\t\t\t<\/div>\n\t\t<div class=\"elementor-element elementor-element-cf01896 e-con-full e-flex e-con e-parent\" data-id=\"cf01896\" data-element_type=\"container\" data-e-type=\"container\">\n\t\t\t\t<div class=\"elementor-element elementor-element-1e01fc5 elementor-align-right elementor-widget__width-initial elementor-mobile-align-center elementor-widget-mobile__width-inherit elementor-widget elementor-widget-button\" data-id=\"1e01fc5\" data-element_type=\"widget\" data-e-type=\"widget\" data-widget_type=\"button.default\">\n\t\t\t\t<div class=\"elementor-widget-container\">\n\t\t\t\t\t\t\t\t\t<div class=\"elementor-button-wrapper\">\n\t\t\t\t\t<a class=\"elementor-button elementor-button-link elementor-size-sm elementor-animation-pulse\" href=\"https:\/\/alther.ind.br\/\">\n\t\t\t\t\t\t<span class=\"elementor-button-content-wrapper\">\n\t\t\t\t\t\t\t\t\t<span class=\"elementor-button-text\">Voltar ao site<\/span>\n\t\t\t\t\t<\/span>\n\t\t\t\t\t<\/a>\n\t\t\t\t<\/div>\n\t\t\t\t\t\t\t\t<\/div>\n\t\t\t\t<\/div>\n\t\t\t\t<div class=\"elementor-element elementor-element-80704e0 elementor-align-left elementor-widget__width-initial elementor-mobile-align-center elementor-widget-mobile__width-inherit elementor-widget elementor-widget-button\" data-id=\"80704e0\" data-element_type=\"widget\" data-e-type=\"widget\" data-widget_type=\"button.default\">\n\t\t\t\t<div class=\"elementor-widget-container\">\n\t\t\t\t\t\t\t\t\t<div class=\"elementor-button-wrapper\">\n\t\t\t\t\t<a class=\"elementor-button elementor-button-link elementor-size-sm elementor-animation-pulse\" href=\"https:\/\/altherhb.com.br\/loja\/\">\n\t\t\t\t\t\t<span class=\"elementor-button-content-wrapper\">\n\t\t\t\t\t\t\t\t\t<span class=\"elementor-button-text\">Acessar a   loja<\/span>\n\t\t\t\t\t<\/span>\n\t\t\t\t\t<\/a>\n\t\t\t\t<\/div>\n\t\t\t\t\t\t\t\t<\/div>\n\t\t\t\t<\/div>\n\t\t\t\t<\/div>\n\t\t\t\t<\/div>\n\t\t","protected":false},"excerpt":{"rendered":"<p>A Alther \u00e9 especializada em produtos naturais de sa\u00fade e beleza. Entregamos qualidade, bem-estar e confian\u00e7a em cada produto.<\/p>\n","protected":false},"author":1,"featured_media":89,"parent":0,"menu_order":0,"comment_status":"closed","ping_status":"closed","template":"","meta":{"footnotes":""},"class_list":["post-38","page","type-page","status-publish","has-post-thumbnail","hentry"],"yoast_head":"<!-- This site is optimized with the Yoast SEO plugin v24.9 - https:\/\/yoast.com\/wordpress\/plugins\/seo\/ -->\n<title>Produtos - Catalogo<\/title>\n<meta name=\"description\" content=\"A Alther \u00e9 especializada em produtos naturais de sa\u00fade e beleza. Entregamos qualidade, bem-estar e confian\u00e7a em cada produto.\" \/>\n<meta name=\"robots\" content=\"index, follow, max-snippet:-1, max-image-preview:large, max-video-preview:-1\" \/>\n<link rel=\"canonical\" href=\"https:\/\/alther.ind.br\/catalogo\/produtos\/\" \/>\n<meta property=\"og:locale\" content=\"pt_BR\" \/>\n<meta property=\"og:type\" content=\"article\" \/>\n<meta property=\"og:title\" content=\"Produtos - Catalogo\" \/>\n<meta property=\"og:description\" content=\"A Alther \u00e9 especializada em produtos naturais de sa\u00fade e beleza. Entregamos qualidade, bem-estar e confian\u00e7a em cada produto.\" \/>\n<meta property=\"og:url\" content=\"https:\/\/alther.ind.br\/catalogo\/produtos\/\" \/>\n<meta property=\"og:site_name\" content=\"Catalogo\" \/>\n<meta property=\"article:publisher\" content=\"https:\/\/www.facebook.com\/people\/Alther-Health-and-Beauty\/61569982065723\/\" \/>\n<meta property=\"article:modified_time\" content=\"2026-02-27T17:30:22+00:00\" \/>\n<meta property=\"og:image\" content=\"https:\/\/alther.ind.br\/catalogo\/wp-content\/uploads\/2025\/04\/Captura-de-tela-2025-04-23-040443.png\" \/>\n\t<meta property=\"og:image:width\" content=\"455\" \/>\n\t<meta property=\"og:image:height\" content=\"427\" \/>\n\t<meta property=\"og:image:type\" content=\"image\/png\" \/>\n<meta name=\"twitter:card\" content=\"summary_large_image\" \/>\n<meta name=\"twitter:label1\" content=\"Est. tempo de leitura\" \/>\n\t<meta name=\"twitter:data1\" content=\"1 minuto\" \/>\n<script type=\"application\/ld+json\" class=\"yoast-schema-graph\">{\"@context\":\"https:\/\/schema.org\",\"@graph\":[{\"@type\":\"WebPage\",\"@id\":\"https:\/\/alther.ind.br\/catalogo\/produtos\/\",\"url\":\"https:\/\/alther.ind.br\/catalogo\/produtos\/\",\"name\":\"Produtos - Catalogo\",\"isPartOf\":{\"@id\":\"https:\/\/alther.ind.br\/catalogo\/#website\"},\"primaryImageOfPage\":{\"@id\":\"https:\/\/alther.ind.br\/catalogo\/produtos\/#primaryimage\"},\"image\":{\"@id\":\"https:\/\/alther.ind.br\/catalogo\/produtos\/#primaryimage\"},\"thumbnailUrl\":\"https:\/\/alther.ind.br\/catalogo\/wp-content\/uploads\/2025\/04\/Captura-de-tela-2025-04-23-040443.png\",\"datePublished\":\"2025-04-11T04:16:31+00:00\",\"dateModified\":\"2026-02-27T17:30:22+00:00\",\"description\":\"A Alther \u00e9 especializada em produtos naturais de sa\u00fade e beleza. Entregamos qualidade, bem-estar e confian\u00e7a em cada produto.\",\"breadcrumb\":{\"@id\":\"https:\/\/alther.ind.br\/catalogo\/produtos\/#breadcrumb\"},\"inLanguage\":\"pt-BR\",\"potentialAction\":[{\"@type\":\"ReadAction\",\"target\":[\"https:\/\/alther.ind.br\/catalogo\/produtos\/\"]}]},{\"@type\":\"ImageObject\",\"inLanguage\":\"pt-BR\",\"@id\":\"https:\/\/alther.ind.br\/catalogo\/produtos\/#primaryimage\",\"url\":\"https:\/\/alther.ind.br\/catalogo\/wp-content\/uploads\/2025\/04\/Captura-de-tela-2025-04-23-040443.png\",\"contentUrl\":\"https:\/\/alther.ind.br\/catalogo\/wp-content\/uploads\/2025\/04\/Captura-de-tela-2025-04-23-040443.png\",\"width\":455,\"height\":427},{\"@type\":\"BreadcrumbList\",\"@id\":\"https:\/\/alther.ind.br\/catalogo\/produtos\/#breadcrumb\",\"itemListElement\":[{\"@type\":\"ListItem\",\"position\":1,\"name\":\"Home\",\"item\":\"https:\/\/alther.ind.br\/catalogo\/\"},{\"@type\":\"ListItem\",\"position\":2,\"name\":\"Produtos\"}]},{\"@type\":\"WebSite\",\"@id\":\"https:\/\/alther.ind.br\/catalogo\/#website\",\"url\":\"https:\/\/alther.ind.br\/catalogo\/\",\"name\":\"Catalogo\",\"description\":\"\",\"publisher\":{\"@id\":\"https:\/\/alther.ind.br\/catalogo\/#organization\"},\"potentialAction\":[{\"@type\":\"SearchAction\",\"target\":{\"@type\":\"EntryPoint\",\"urlTemplate\":\"https:\/\/alther.ind.br\/catalogo\/?s={search_term_string}\"},\"query-input\":{\"@type\":\"PropertyValueSpecification\",\"valueRequired\":true,\"valueName\":\"search_term_string\"}}],\"inLanguage\":\"pt-BR\"},{\"@type\":\"Organization\",\"@id\":\"https:\/\/alther.ind.br\/catalogo\/#organization\",\"name\":\"Alther Health and Beauty\",\"url\":\"https:\/\/alther.ind.br\/catalogo\/\",\"logo\":{\"@type\":\"ImageObject\",\"inLanguage\":\"pt-BR\",\"@id\":\"https:\/\/alther.ind.br\/catalogo\/#\/schema\/logo\/image\/\",\"url\":\"https:\/\/alther.ind.br\/catalogo\/wp-content\/uploads\/2025\/04\/botao-celular-13.png\",\"contentUrl\":\"https:\/\/alther.ind.br\/catalogo\/wp-content\/uploads\/2025\/04\/botao-celular-13.png\",\"width\":392,\"height\":392,\"caption\":\"Alther Health and Beauty\"},\"image\":{\"@id\":\"https:\/\/alther.ind.br\/catalogo\/#\/schema\/logo\/image\/\"},\"sameAs\":[\"https:\/\/www.facebook.com\/people\/Alther-Health-and-Beauty\/61569982065723\/\",\"https:\/\/www.instagram.com\/altherbrasil\/\"]}]}<\/script>\n<!-- \/ Yoast SEO plugin. -->","yoast_head_json":{"title":"Produtos - Catalogo","description":"A Alther \u00e9 especializada em produtos naturais de sa\u00fade e beleza. Entregamos qualidade, bem-estar e confian\u00e7a em cada produto.","robots":{"index":"index","follow":"follow","max-snippet":"max-snippet:-1","max-image-preview":"max-image-preview:large","max-video-preview":"max-video-preview:-1"},"canonical":"https:\/\/alther.ind.br\/catalogo\/produtos\/","og_locale":"pt_BR","og_type":"article","og_title":"Produtos - Catalogo","og_description":"A Alther \u00e9 especializada em produtos naturais de sa\u00fade e beleza. Entregamos qualidade, bem-estar e confian\u00e7a em cada produto.","og_url":"https:\/\/alther.ind.br\/catalogo\/produtos\/","og_site_name":"Catalogo","article_publisher":"https:\/\/www.facebook.com\/people\/Alther-Health-and-Beauty\/61569982065723\/","article_modified_time":"2026-02-27T17:30:22+00:00","og_image":[{"width":455,"height":427,"url":"https:\/\/alther.ind.br\/catalogo\/wp-content\/uploads\/2025\/04\/Captura-de-tela-2025-04-23-040443.png","type":"image\/png"}],"twitter_card":"summary_large_image","twitter_misc":{"Est. tempo de leitura":"1 minuto"},"schema":{"@context":"https:\/\/schema.org","@graph":[{"@type":"WebPage","@id":"https:\/\/alther.ind.br\/catalogo\/produtos\/","url":"https:\/\/alther.ind.br\/catalogo\/produtos\/","name":"Produtos - Catalogo","isPartOf":{"@id":"https:\/\/alther.ind.br\/catalogo\/#website"},"primaryImageOfPage":{"@id":"https:\/\/alther.ind.br\/catalogo\/produtos\/#primaryimage"},"image":{"@id":"https:\/\/alther.ind.br\/catalogo\/produtos\/#primaryimage"},"thumbnailUrl":"https:\/\/alther.ind.br\/catalogo\/wp-content\/uploads\/2025\/04\/Captura-de-tela-2025-04-23-040443.png","datePublished":"2025-04-11T04:16:31+00:00","dateModified":"2026-02-27T17:30:22+00:00","description":"A Alther \u00e9 especializada em produtos naturais de sa\u00fade e beleza. Entregamos qualidade, bem-estar e confian\u00e7a em cada produto.","breadcrumb":{"@id":"https:\/\/alther.ind.br\/catalogo\/produtos\/#breadcrumb"},"inLanguage":"pt-BR","potentialAction":[{"@type":"ReadAction","target":["https:\/\/alther.ind.br\/catalogo\/produtos\/"]}]},{"@type":"ImageObject","inLanguage":"pt-BR","@id":"https:\/\/alther.ind.br\/catalogo\/produtos\/#primaryimage","url":"https:\/\/alther.ind.br\/catalogo\/wp-content\/uploads\/2025\/04\/Captura-de-tela-2025-04-23-040443.png","contentUrl":"https:\/\/alther.ind.br\/catalogo\/wp-content\/uploads\/2025\/04\/Captura-de-tela-2025-04-23-040443.png","width":455,"height":427},{"@type":"BreadcrumbList","@id":"https:\/\/alther.ind.br\/catalogo\/produtos\/#breadcrumb","itemListElement":[{"@type":"ListItem","position":1,"name":"Home","item":"https:\/\/alther.ind.br\/catalogo\/"},{"@type":"ListItem","position":2,"name":"Produtos"}]},{"@type":"WebSite","@id":"https:\/\/alther.ind.br\/catalogo\/#website","url":"https:\/\/alther.ind.br\/catalogo\/","name":"Catalogo","description":"","publisher":{"@id":"https:\/\/alther.ind.br\/catalogo\/#organization"},"potentialAction":[{"@type":"SearchAction","target":{"@type":"EntryPoint","urlTemplate":"https:\/\/alther.ind.br\/catalogo\/?s={search_term_string}"},"query-input":{"@type":"PropertyValueSpecification","valueRequired":true,"valueName":"search_term_string"}}],"inLanguage":"pt-BR"},{"@type":"Organization","@id":"https:\/\/alther.ind.br\/catalogo\/#organization","name":"Alther Health and Beauty","url":"https:\/\/alther.ind.br\/catalogo\/","logo":{"@type":"ImageObject","inLanguage":"pt-BR","@id":"https:\/\/alther.ind.br\/catalogo\/#\/schema\/logo\/image\/","url":"https:\/\/alther.ind.br\/catalogo\/wp-content\/uploads\/2025\/04\/botao-celular-13.png","contentUrl":"https:\/\/alther.ind.br\/catalogo\/wp-content\/uploads\/2025\/04\/botao-celular-13.png","width":392,"height":392,"caption":"Alther Health and Beauty"},"image":{"@id":"https:\/\/alther.ind.br\/catalogo\/#\/schema\/logo\/image\/"},"sameAs":["https:\/\/www.facebook.com\/people\/Alther-Health-and-Beauty\/61569982065723\/","https:\/\/www.instagram.com\/altherbrasil\/"]}]}},"_links":{"self":[{"href":"https:\/\/alther.ind.br\/catalogo\/wp-json\/wp\/v2\/pages\/38","targetHints":{"allow":["GET"]}}],"collection":[{"href":"https:\/\/alther.ind.br\/catalogo\/wp-json\/wp\/v2\/pages"}],"about":[{"href":"https:\/\/alther.ind.br\/catalogo\/wp-json\/wp\/v2\/types\/page"}],"author":[{"embeddable":true,"href":"https:\/\/alther.ind.br\/catalogo\/wp-json\/wp\/v2\/users\/1"}],"replies":[{"embeddable":true,"href":"https:\/\/alther.ind.br\/catalogo\/wp-json\/wp\/v2\/comments?post=38"}],"version-history":[{"count":64,"href":"https:\/\/alther.ind.br\/catalogo\/wp-json\/wp\/v2\/pages\/38\/revisions"}],"predecessor-version":[{"id":230,"href":"https:\/\/alther.ind.br\/catalogo\/wp-json\/wp\/v2\/pages\/38\/revisions\/230"}],"wp:featuredmedia":[{"embeddable":true,"href":"https:\/\/alther.ind.br\/catalogo\/wp-json\/wp\/v2\/media\/89"}],"wp:attachment":[{"href":"https:\/\/alther.ind.br\/catalogo\/wp-json\/wp\/v2\/media?parent=38"}],"curies":[{"name":"wp","href":"https:\/\/api.w.org\/{rel}","templated":true}]}}